{"id":62,"date":"2023-10-23T10:19:00","date_gmt":"2023-10-23T10:19:00","guid":{"rendered":"https:\/\/klinika.stillness.pl\/?page_id=62"},"modified":"2024-01-12T19:25:24","modified_gmt":"2024-01-12T19:25:24","slug":"cranio","status":"publish","type":"page","link":"https:\/\/klinika.stillness.pl\/?page_id=62","title":{"rendered":"Kranio"},"content":{"rendered":"\t\t<div data-elementor-type=\"wp-page\" data-elementor-id=\"62\" class=\"elementor elementor-62\" data-elementor-post-type=\"page\">\n\t\t\t\t\t\t<section data-particle_enable=\"false\" data-particle-mobile-disabled=\"false\" class=\"elementor-section elementor-top-section elementor-element elementor-element-393c4fe elementor-section-boxed elementor-section-height-default elementor-section-height-default\" data-id=\"393c4fe\" data-element_type=\"section\" data-settings=\"{&quot;background_background&quot;:&quot;video&quot;,&quot;background_video_link&quot;:&quot;https:\\\/\\\/klinika.stillness.pl\\\/wp-content\\\/uploads\\\/2023\\\/11\\\/istockphoto-488964620.mp4&quot;,&quot;background_play_on_mobile&quot;:&quot;yes&quot;}\">\n\t\t\t\t\t\t\t\t<div class=\"elementor-background-video-container\">\n\t\t\t\t\t\t\t\t\t\t\t\t\t<video class=\"elementor-background-video-hosted elementor-html5-video\" autoplay muted playsinline loop><\/video>\n\t\t\t\t\t\t\t\t\t\t\t<\/div>\n\t\t\t\t\t\t\t\t<div class=\"elementor-container elementor-column-gap-default\">\n\t\t\t\t\t<div class=\"elementor-column elementor-col-100 elementor-top-column elementor-element elementor-element-9d11c57\" data-id=\"9d11c57\" data-element_type=\"column\">\n\t\t\t<div class=\"elementor-widget-wrap elementor-element-populated\">\n\t\t\t\t\t\t<div class=\"elementor-element elementor-element-fd217cb elementor-widget elementor-widget-heading\" data-id=\"fd217cb\" data-element_type=\"widget\" data-widget_type=\"heading.default\">\n\t\t\t\t<div class=\"elementor-widget-container\">\n\t\t\t\t\t<h2 class=\"elementor-heading-title elementor-size-default\">Kranio<\/h2>\t\t\t\t<\/div>\n\t\t\t\t<\/div>\n\t\t\t\t\t<\/div>\n\t\t<\/div>\n\t\t\t\t\t<\/div>\n\t\t<\/section>\n\t\t<div data-particle_enable=\"false\" data-particle-mobile-disabled=\"false\" class=\"elementor-element elementor-element-bc80db6 e-flex e-con-boxed e-con e-parent\" data-id=\"bc80db6\" data-element_type=\"container\">\n\t\t\t\t\t<div class=\"e-con-inner\">\n\t\t\t\t<div class=\"elementor-element elementor-element-da56852 elementor-widget elementor-widget-text-editor\" data-id=\"da56852\" data-element_type=\"widget\" data-widget_type=\"text-editor.default\">\n\t\t\t\t<div class=\"elementor-widget-container\">\n\t\t\t\t\t\t\t\t\t<p>Terapia czaszkowo-krzy\u017cowa (potocznie kranio) wed\u0142ug Dr. Upledgera to specjalizacja osteopatii, kt\u00f3ra \u0142\u0105czy delikatno\u015b\u0107 z precyzj\u0105 i wiedz\u0105 medyczn\u0105. Pozwala efektywnie i bezpiecznie pracowa\u0107 zar\u00f3wno z noworodkami jak i pacjentami starszymi, kobietami w ci\u0105\u017cy i zawodowymi sportowcami.<\/p>\t\t\t\t\t\t\t\t<\/div>\n\t\t\t\t<\/div>\n\t\t\t\t<div class=\"elementor-element elementor-element-b5aa8ff elementor-invisible elementor-widget elementor-widget-heading\" data-id=\"b5aa8ff\" data-element_type=\"widget\" data-settings=\"{&quot;_animation&quot;:&quot;fadeIn&quot;}\" data-widget_type=\"heading.default\">\n\t\t\t\t<div class=\"elementor-widget-container\">\n\t\t\t\t\t<h2 class=\"elementor-heading-title elementor-size-default\">Podej\u015bcie holistyczne<\/h2>\t\t\t\t<\/div>\n\t\t\t\t<\/div>\n\t\t\t\t<div class=\"elementor-element elementor-element-a6cf9ad elementor-widget elementor-widget-text-editor\" data-id=\"a6cf9ad\" data-element_type=\"widget\" data-widget_type=\"text-editor.default\">\n\t\t\t\t<div class=\"elementor-widget-container\">\n\t\t\t\t\t\t\t\t\t<p><span style=\"color: var( --e-global-color-text ); font-family: var( --e-global-typography-text-font-family ), Sans-serif; font-size: 1rem;\">Podobnie jak inne nurty osteopatii, terapia czaszkowo-krzy\u017cowa zak\u0142ada, \u017ce cia\u0142o jest ca\u0142o\u015bci\u0105, jego struktura i funkcja s\u0105 od siebie zale\u017cne, ma tendencje do samoleczenia, a g\u0142\u00f3wn\u0105 przyczyn\u0105 chor\u00f3b jest zaburzenie ukrwienia tkanek, poprzez ograniczenie ich mobilno\u015bci. W spos\u00f3b szczeg\u00f3lny kranio skupia si\u0119 na strukturach otaczaj\u0105cych centralny uk\u0142ad nerwowy, czyli systemie czaszkowo-krzy\u017cowym, sk\u0142adaj\u0105cym si\u0119 z ko\u015bci czaszki i kr\u0119gos\u0142upa, oraz m\u0119bran i fluid\u00f3w otaczaj\u0105cych m\u00f3zg i rdze\u0144 kr\u0119gowy. Wszystkie elementy tego p\u00f3\u0142zamkni\u0119tego hydraulicznego systemu s\u0105 w ci\u0105g\u0142ym rytmicznym ruchu, a wp\u0142yw na jego jako\u015b\u0107 ma ca\u0142y organizm. Jego dysfunkcja mo\u017ce negatywnie wp\u0142yn\u0105\u0107 na prac\u0119 CUN, odczuwanie b\u00f3lu jak r\u00f3wnie\u017c wydajno\u015b\u0107 pracy innych uk\u0142ad\u00f3w naszego cia\u0142a.<\/span><\/p>\t\t\t\t\t\t\t\t<\/div>\n\t\t\t\t<\/div>\n\t\t\t\t<div class=\"elementor-element elementor-element-8a7cbfb elementor-invisible elementor-widget elementor-widget-heading\" data-id=\"8a7cbfb\" data-element_type=\"widget\" data-settings=\"{&quot;_animation&quot;:&quot;fadeIn&quot;}\" data-widget_type=\"heading.default\">\n\t\t\t\t<div class=\"elementor-widget-container\">\n\t\t\t\t\t<h2 class=\"elementor-heading-title elementor-size-default\">Cia\u0142o ma wszelkie zasoby do samoleczenia<\/h2>\t\t\t\t<\/div>\n\t\t\t\t<\/div>\n\t\t\t\t<div class=\"elementor-element elementor-element-6fbe936 elementor-widget elementor-widget-text-editor\" data-id=\"6fbe936\" data-element_type=\"widget\" data-widget_type=\"text-editor.default\">\n\t\t\t\t<div class=\"elementor-widget-container\">\n\t\t\t\t\t\t\t\t\t<p>Rol\u0105 terapeuty kranio jest pom\u00f3c pacjentowi w odnalezieniu tych zasob\u00f3w. Poprzez subtelny, precyzyjny kontakt z tkank\u0105 \u0142\u0105czn\u0105 terapeuta ma dost\u0119p do wszystkich tkanek i p\u0142yn\u00f3w cia\u0142a, a ws\u0142uchuj\u0105c si\u0119 w napi\u0119cia oraz ci\u015bnienia mo\u017ce zidentyfikowa\u0107 dysfunkcje, ich schematy oraz kolejno\u015b\u0107 w jakiej cia\u0142o chce je skutecznie rozwi\u0105za\u0107. Czasem jest to praca z tkank\u0105, p\u0142ynami, czasem cia\u0142o wchodz\u0105c w g\u0142\u0119bsz\u0105 prace z emocjami potrzebuje wsparcia dialogiem.<\/p><p>Dotyk jest minimalny, ok. 5-gramowy, ale powi\u0119\u017a i uk\u0142ad nerwowy bardzo dobrze na niego reaguj\u0105. Pierwsze efekty zabieg\u00f3w widoczne s\u0105 ju\u017c po jednej sesji, ale najwi\u0119ksz\u0105 skuteczno\u015b\u0107 obserwuje si\u0119 po kilku zabiegach. Ko\u0144cowym rezultatem jest rozlu\u017anienie powi\u0119zi i uregulowanie rytmu czaszkowo-krzy\u017cowego.<\/p>\t\t\t\t\t\t\t\t<\/div>\n\t\t\t\t<\/div>\n\t\t\t\t\t<\/div>\n\t\t\t\t<\/div>\n\t\t\t\t<\/div>\n\t\t","protected":false},"excerpt":{"rendered":"<p>Kranio Terapia czaszkowo-krzy\u017cowa (potocznie kranio) wed\u0142ug Dr. Upledgera to specjalizacja osteopatii, kt\u00f3ra \u0142\u0105czy delikatno\u015b\u0107 z precyzj\u0105 i wiedz\u0105 medyczn\u0105. Pozwala efektywnie i bezpiecznie pracowa\u0107 zar\u00f3wno z noworodkami jak i pacjentami starszymi, kobietami w ci\u0105\u017cy i zawodowymi sportowcami. Podej\u015bcie holistyczne Podobnie jak inne nurty osteopatii, terapia czaszkowo-krzy\u017cowa zak\u0142ada, \u017ce cia\u0142o jest ca\u0142o\u015bci\u0105, jego struktura i funkcja [&hellip;]<\/p>\n","protected":false},"author":1,"featured_media":0,"parent":0,"menu_order":0,"comment_status":"closed","ping_status":"closed","template":"elementor_header_footer","meta":{"footnotes":""},"class_list":["post-62","page","type-page","status-publish","hentry"],"_links":{"self":[{"href":"https:\/\/klinika.stillness.pl\/index.php?rest_route=\/wp\/v2\/pages\/62","targetHints":{"allow":["GET"]}}],"collection":[{"href":"https:\/\/klinika.stillness.pl\/index.php?rest_route=\/wp\/v2\/pages"}],"about":[{"href":"https:\/\/klinika.stillness.pl\/index.php?rest_route=\/wp\/v2\/types\/page"}],"author":[{"embeddable":true,"href":"https:\/\/klinika.stillness.pl\/index.php?rest_route=\/wp\/v2\/users\/1"}],"replies":[{"embeddable":true,"href":"https:\/\/klinika.stillness.pl\/index.php?rest_route=%2Fwp%2Fv2%2Fcomments&post=62"}],"version-history":[{"count":62,"href":"https:\/\/klinika.stillness.pl\/index.php?rest_route=\/wp\/v2\/pages\/62\/revisions"}],"predecessor-version":[{"id":973,"href":"https:\/\/klinika.stillness.pl\/index.php?rest_route=\/wp\/v2\/pages\/62\/revisions\/973"}],"wp:attachment":[{"href":"https:\/\/klinika.stillness.pl\/index.php?rest_route=%2Fwp%2Fv2%2Fmedia&parent=62"}],"curies":[{"name":"wp","href":"https:\/\/api.w.org\/{rel}","templated":true}]}}